{"id":2137,"date":"2025-11-12T02:24:13","date_gmt":"2025-11-12T02:24:13","guid":{"rendered":"https:\/\/ordenatucafe.com\/bistro\/?page_id=2137"},"modified":"2025-11-12T19:51:56","modified_gmt":"2025-11-12T19:51:56","slug":"solicita-tu-factura","status":"publish","type":"page","link":"https:\/\/ordenatucafe.com\/index.php\/solicita-tu-factura\/","title":{"rendered":"Solicita tu Factura"},"content":{"rendered":"\t\t<div data-elementor-type=\"wp-page\" data-elementor-id=\"2137\" class=\"elementor elementor-2137\" data-elementor-post-type=\"page\">\n\t\t\t\t\t\t<section class=\"elementor-section elementor-top-section elementor-element elementor-element-dd512ed elementor-section-full_width elementor-section-height-default elementor-section-height-default\" data-id=\"dd512ed\" data-element_type=\"section\" data-e-type=\"section\">\n\t\t\t\t\t\t<div class=\"elementor-container elementor-column-gap-no\">\n\t\t\t\t\t<div class=\"elementor-column elementor-col-100 elementor-top-column elementor-element elementor-element-ddd34ec\" data-id=\"ddd34ec\" data-element_type=\"column\" data-e-type=\"column\">\n\t\t\t<div class=\"elementor-widget-wrap elementor-element-populated\">\n\t\t\t\t\t\t<div class=\"elementor-element elementor-element-1a134e3 elementor-widget elementor-widget-kaffen-started\" data-id=\"1a134e3\" data-element_type=\"widget\" data-e-type=\"widget\" data-widget_type=\"kaffen-started.default\">\n\t\t\t\t<div class=\"elementor-widget-container\">\n\t\t\t\t\t\n    <!-- Section Started Inner -->\n    <section class=\"section kf-started-inner\">\n      <div class=\"kf-parallax-bg js-parallax\" style=\"background-image: url('https:\/\/ordenatucafe.com\/wp-content\/uploads\/2025\/11\/accountant-comparing-receipts-and-statistical-data-2025-02-17-18-28-26-utc.jpg');\"><\/div>\n\t  <div class=\"container\">\n                <h1 class=\"kf-h-title text-anim-1 scroll-animate\" data-splitting=\"chars\" data-animate=\"active\">\n          <span >\n            Solicita tu Factura\n          <\/span>\n        <\/h1>\n        \n\t\t\t\t<ul class=\"kf-breadcrumbs\"><li><a href=\"https:\/\/ordenatucafe.com\" title=\"OrdenaTuCaf\u00e9\">Home<\/a><\/li><li class=\"tst-active\"><a><\/a><\/li><\/ul>      <\/div>\n    <\/section>\n\n\t\t\t\t\t\t<\/div>\n\t\t\t\t<\/div>\n\t\t\t\t\t<\/div>\n\t\t<\/div>\n\t\t\t\t\t<\/div>\n\t\t<\/section>\n\t\t\t\t<section class=\"elementor-section elementor-top-section elementor-element elementor-element-8b72187 elementor-section-full_width elementor-section-height-default elementor-section-height-default\" data-id=\"8b72187\" data-element_type=\"section\" data-e-type=\"section\">\n\t\t\t\t\t\t<div class=\"elementor-container elementor-column-gap-no\">\n\t\t\t\t\t<div class=\"elementor-column elementor-col-100 elementor-top-column elementor-element elementor-element-34629ad\" data-id=\"34629ad\" data-element_type=\"column\" data-e-type=\"column\">\n\t\t\t<div class=\"elementor-widget-wrap elementor-element-populated\">\n\t\t\t\t\t\t<div class=\"elementor-element elementor-element-4dbb524 elementor-widget elementor-widget-kaffen-contact-form\" data-id=\"4dbb524\" data-element_type=\"widget\" data-e-type=\"widget\" data-widget_type=\"kaffen-contact-form.default\">\n\t\t\t\t<div class=\"elementor-widget-container\">\n\t\t\t\t\t\n    <!-- Section Contacts Form -->\n    <section class=\"section kf-contacts-form\">\n      <div class=\"container\">\n\n        <div class=\"kf-reservation-form element-anim-1 scroll-animate\" data-animate=\"active\">\n                    <div class=\"kf-titles align-center\">\n                        <div class=\"kf-subtitle\">\n              <span >\n                Facturaci\u00f3n              <\/span>\n            <\/div>\n                                    <h3 class=\"kf-title\">\n              <span >\n                Factura tu Pedido              <\/span>\n            <\/h3>\n                      <\/div>\n          \n          \n<div class=\"wpcf7 no-js\" id=\"wpcf7-f2152-o1\" lang=\"en-US\" dir=\"ltr\" data-wpcf7-id=\"2152\">\n<div class=\"screen-reader-response\"><p role=\"status\" aria-live=\"polite\" aria-atomic=\"true\"><\/p> <ul><\/ul><\/div>\n<form action=\"\/index.php\/wp-json\/wp\/v2\/pages\/2137#wpcf7-f2152-o1\" method=\"post\" class=\"wpcf7-form init\" aria-label=\"Contact form\" enctype=\"multipart\/form-data\" novalidate=\"novalidate\" data-status=\"init\">\n<fieldset class=\"hidden-fields-container\"><input type=\"hidden\" name=\"_wpcf7\" value=\"2152\" \/><input type=\"hidden\" name=\"_wpcf7_version\" value=\"6.1.5\" \/><input type=\"hidden\" name=\"_wpcf7_locale\" value=\"en_US\" \/><input type=\"hidden\" name=\"_wpcf7_unit_tag\" value=\"wpcf7-f2152-o1\" \/><input type=\"hidden\" name=\"_wpcf7_container_post\" value=\"0\" \/><input type=\"hidden\" name=\"_wpcf7_posted_data_hash\" value=\"\" \/>\n<\/fieldset>\n<div class=\"row\">\n  <div class=\"col-xs-12 col-sm-12 col-md-12 col-lg-4\">\n    <div class=\"kf-field\">\n      <span class=\"wpcf7-form-control-wrap\" data-name=\"cf_name\"><input size=\"40\" maxlength=\"400\" class=\"wpcf7-form-control wpcf7-text wpcf7-validates-as-required\" aria-required=\"true\" aria-invalid=\"false\" placeholder=\"Nombre Completo o Raz\u00f3n Social\" value=\"\" type=\"text\" name=\"cf_name\" \/><\/span>\n      <i class=\"far fa-user\"><\/i>\n    <\/div>\n  <\/div>\n  <div class=\"col-xs-12 col-sm-12 col-md-12 col-lg-12\">\n    <div class=\"kf-field\">\n        <span class=\"wpcf7-form-control-wrap\" data-name=\"rfc\"><input size=\"40\" maxlength=\"400\" class=\"wpcf7-form-control wpcf7-text wpcf7-validates-as-required\" aria-required=\"true\" aria-invalid=\"false\" placeholder=\"RFC\" value=\"\" type=\"text\" name=\"rfc\" \/><\/span>\n    <\/div>\n  <\/div>\n<span class=\"wpcf7-form-control-wrap\" data-name=\"RegimenFiscal\"><select class=\"wpcf7-form-control wpcf7-select\" aria-invalid=\"false\" name=\"RegimenFiscal\"><option value=\"\">Selecciona R\u00e9gimen Fiscal<\/option><option value=\"601 General de Ley Personas Morales\">601 General de Ley Personas Morales<\/option><option value=\"603 Personas Morales con Fines no Lucrativos\">603 Personas Morales con Fines no Lucrativos<\/option><option value=\"605 Sueldos y Salarios e Ingresos Asimilados a Salarios\">605 Sueldos y Salarios e Ingresos Asimilados a Salarios<\/option><option value=\"606 Arrendamiento\">606 Arrendamiento<\/option><option value=\"607 R\u00e9gimen de Enajenaci\u00f3n o Adquisici\u00f3n de Bienes\">607 R\u00e9gimen de Enajenaci\u00f3n o Adquisici\u00f3n de Bienes<\/option><option value=\"608 Dem\u00e1s ingresos\">608 Dem\u00e1s ingresos<\/option><option value=\"610 Residentes en el Extranjero sin Establecimiento Permanente en M\u00e9xico\">610 Residentes en el Extranjero sin Establecimiento Permanente en M\u00e9xico<\/option><option value=\"611 Ingresos por Dividendos (socios y accionistas)\">611 Ingresos por Dividendos (socios y accionistas)<\/option><option value=\"612 Personas F\u00edsicas con Actividades Empresariales y Profesionales\">612 Personas F\u00edsicas con Actividades Empresariales y Profesionales<\/option><option value=\"614 Ingresos por intereses\">614 Ingresos por intereses<\/option><option value=\"615 R\u00e9gimen de los ingresos por obtenci\u00f3n de premios\">615 R\u00e9gimen de los ingresos por obtenci\u00f3n de premios<\/option><option value=\"616 Sin obligaciones fiscales\">616 Sin obligaciones fiscales<\/option><option value=\"620 Sociedades Cooperativas de Producci\u00f3n que optan por diferir sus ingresos\">620 Sociedades Cooperativas de Producci\u00f3n que optan por diferir sus ingresos<\/option><option value=\"621 Incorporaci\u00f3n Fiscal\">621 Incorporaci\u00f3n Fiscal<\/option><option value=\"622 Actividades Agr\u00edcolas, Ganaderas, Silv\u00edcolas y Pesqueras\">622 Actividades Agr\u00edcolas, Ganaderas, Silv\u00edcolas y Pesqueras<\/option><option value=\"623 Opcional para Grupos de Sociedades\">623 Opcional para Grupos de Sociedades<\/option><option value=\"624 Coordinados\">624 Coordinados<\/option><option value=\"625 R\u00e9gimen de las Actividades Empresariales con ingresos a trav\u00e9s de Plataformas Tecnol\u00f3gicas\">625 R\u00e9gimen de las Actividades Empresariales con ingresos a trav\u00e9s de Plataformas Tecnol\u00f3gicas<\/option><option value=\"626 R\u00e9gimen Simplificado de Confianza\">626 R\u00e9gimen Simplificado de Confianza<\/option><\/select><\/span>\n\n<span class=\"wpcf7-form-control-wrap\" data-name=\"UsoCFDI\"><select class=\"wpcf7-form-control wpcf7-select\" aria-invalid=\"false\" name=\"UsoCFDI\"><option value=\"\">Selecciona el uso del CFDI<\/option><option value=\"G01 Adquisici\u00f3n de mercanc\u00edas.\">G01 Adquisici\u00f3n de mercanc\u00edas.<\/option><option value=\"G02 Devoluciones, descuentos o bonificaciones.\">G02 Devoluciones, descuentos o bonificaciones.<\/option><option value=\"G03 Gastos en general.\">G03 Gastos en general.<\/option><option value=\"I01 Construcciones.\">I01 Construcciones.<\/option><option value=\"I02 Mobiliario y equipo de oficina por inversiones.\">I02 Mobiliario y equipo de oficina por inversiones.<\/option><option value=\"I03 Equipo de transporte.\">I03 Equipo de transporte.<\/option><option value=\"I04 Equipo de computo y accesorios.\">I04 Equipo de computo y accesorios.<\/option><option value=\"I05 Dados, troqueles, moldes, matrices y herramental.\">I05 Dados, troqueles, moldes, matrices y herramental.<\/option><option value=\"I06 Comunicaciones telef\u00f3nicas.\">I06 Comunicaciones telef\u00f3nicas.<\/option><option value=\"I07 Comunicaciones satelitales.\">I07 Comunicaciones satelitales.<\/option><option value=\"I08 Otra maquinaria y equipo.\">I08 Otra maquinaria y equipo.<\/option><option value=\"D01 Honorarios m\u00e9dicos, dentales y gastos hospitalarios.\">D01 Honorarios m\u00e9dicos, dentales y gastos hospitalarios.<\/option><option value=\"D02 Gastos m\u00e9dicos por incapacidad o discapacidad.\">D02 Gastos m\u00e9dicos por incapacidad o discapacidad.<\/option><option value=\"D03 Gastos funerales.\">D03 Gastos funerales.<\/option><option value=\"D04 Donativos.\">D04 Donativos.<\/option><option value=\"D05 Intereses reales efectivamente pagados por cr\u00e9ditos hipotecarios (casa habitaci\u00f3n).\">D05 Intereses reales efectivamente pagados por cr\u00e9ditos hipotecarios (casa habitaci\u00f3n).<\/option><option value=\"D06 Aportaciones voluntarias al SAR.\">D06 Aportaciones voluntarias al SAR.<\/option><option value=\"D07 Primas por seguros de gastos m\u00e9dicos.\">D07 Primas por seguros de gastos m\u00e9dicos.<\/option><option value=\"D08 Gastos de transportaci\u00f3n escolar obligatoria.\">D08 Gastos de transportaci\u00f3n escolar obligatoria.<\/option><option value=\"D09 Dep\u00f3sitos en cuentas para el ahorro, primas que tengan como base planes de pensiones.\">D09 Dep\u00f3sitos en cuentas para el ahorro, primas que tengan como base planes de pensiones.<\/option><option value=\"D10 Pagos por servicios educativos (colegiaturas).\">D10 Pagos por servicios educativos (colegiaturas).<\/option><option value=\"S01 Sin efectos fiscales.\">S01 Sin efectos fiscales.<\/option><option value=\"CP01 Pagos\">CP01 Pagos<\/option><option value=\"CN01 N\u00f3mina\">CN01 N\u00f3mina<\/option><\/select><\/span>\n\n  <div class=\"col-xs-12 col-sm-12 col-md-12 col-lg-12\">\n    <div class=\"kf-field\">\n        <span class=\"wpcf7-form-control-wrap\" data-name=\"pedido\"><input size=\"40\" maxlength=\"400\" class=\"wpcf7-form-control wpcf7-text wpcf7-validates-as-required\" aria-required=\"true\" aria-invalid=\"false\" placeholder=\"N\u00famero de Pedido\" value=\"\" type=\"text\" name=\"pedido\" \/><\/span>\n    <\/div>\n  <\/div>\n  <div class=\"col-xs-12 col-sm-12 col-md-12 col-lg-12\">\n    <div class=\"kf-field\">\n        <span class=\"wpcf7-form-control-wrap\" data-name=\"LugarCompra\"><select class=\"wpcf7-form-control wpcf7-select wpcf7-validates-as-required\" aria-required=\"true\" aria-invalid=\"false\" name=\"LugarCompra\"><option value=\"Selecciona tipo de compra\">Selecciona tipo de compra<\/option><option value=\"Compra en L\u00ednea Caf\u00e9 en Grano o Molido\">Compra en L\u00ednea Caf\u00e9 en Grano o Molido<\/option><option value=\"Cafeter\u00eda Bistr\u00f3 &amp; Coffee Place Sucursal Cumbres\">Cafeter\u00eda Bistr\u00f3 &amp; Coffee Place Sucursal Cumbres<\/option><option value=\"Cafeter\u00eda Bistr\u00f3 &amp; Coffee Place Sucursal Registro Civil\">Cafeter\u00eda Bistr\u00f3 &amp; Coffee Place Sucursal Registro Civil<\/option><\/select><\/span>\n    <\/div>\n  <\/div>\n \n  <div class=\"col-xs-12 col-sm-12 col-md-12 col-lg-4\">\n    <div class=\"kf-field\">\n      <span class=\"wpcf7-form-control-wrap\" data-name=\"cf_email\"><input size=\"40\" maxlength=\"400\" class=\"wpcf7-form-control wpcf7-email wpcf7-validates-as-required wpcf7-text wpcf7-validates-as-email\" aria-required=\"true\" aria-invalid=\"false\" placeholder=\"Email\" value=\"\" type=\"email\" name=\"cf_email\" \/><\/span>\n      <i class=\"fas fa-at\"><\/i>\n    <\/div>\n  <\/div>\n  <div class=\"col-xs-12 col-sm-12 col-md-12 col-lg-4\">\n    <div class=\"kf-field\">\n      <span class=\"wpcf7-form-control-wrap\" data-name=\"cf_phone\"><input size=\"40\" maxlength=\"400\" class=\"wpcf7-form-control wpcf7-tel wpcf7-validates-as-required wpcf7-text wpcf7-validates-as-tel\" aria-required=\"true\" aria-invalid=\"false\" placeholder=\"Tel\u00e9fono\" value=\"\" type=\"tel\" name=\"cf_phone\" \/><\/span>\n      <i class=\"fas fa-mobile-alt\"><\/i>\n    <\/div>\n  <\/div>\n  <div class=\"col-xs-12 col-sm-12 col-md-12 col-lg-12\">\n    <div class=\"kf-field\">\n      <span class=\"wpcf7-form-control-wrap\" data-name=\"cf_direccion\"><input size=\"40\" maxlength=\"400\" class=\"wpcf7-form-control wpcf7-text wpcf7-validates-as-required\" aria-required=\"true\" aria-invalid=\"false\" placeholder=\"Direcci\u00f3n Fiscal\" value=\"\" type=\"text\" name=\"cf_direccion\" \/><\/span>\n    <\/div>\n  <\/div>\n\n<span class=\"wpcf7-form-control-wrap\" data-name=\"FormaPago\"><select class=\"wpcf7-form-control wpcf7-select\" aria-invalid=\"false\" name=\"FormaPago\"><option value=\"Selecciona tu forma de Pago\">Selecciona tu forma de Pago<\/option><option value=\"Tarjeta de Cr\u00e9dito\">Tarjeta de Cr\u00e9dito<\/option><option value=\"Tarjeta de D\u00e9bito\">Tarjeta de D\u00e9bito<\/option><option value=\"Efectivo\">Efectivo<\/option><option value=\"Transferencia\">Transferencia<\/option><\/select><\/span>  \n\n  <div class=\"col-xs-12 col-sm-12 col-md-12 col-lg-12\">\n    <div class=\"kf-field\">\n      <span class=\"wpcf7-form-control-wrap\" data-name=\"cf_message\"><input size=\"40\" maxlength=\"400\" class=\"wpcf7-form-control wpcf7-text wpcf7-validates-as-required\" aria-required=\"true\" aria-invalid=\"false\" placeholder=\"Comentarios\" value=\"\" type=\"text\" name=\"cf_message\" \/><\/span>\n    <\/div>\n  <\/div>\n  <div class=\"col-xs-12 col-sm-12 col-md-12 col-lg-12\">\n    <div class=\"kf-field\">\n       Para evitar errores en la factura favor de Cargar su Constancia de Situaci\u00f3n Fiscal: \n       <span class=\"wpcf7-form-control-wrap\" data-name=\"CSF\"><input size=\"40\" class=\"wpcf7-form-control wpcf7-file\" accept=\"audio\/*,video\/*,image\/*\" aria-invalid=\"false\" type=\"file\" name=\"CSF\" \/><\/span>\n    <\/div>\n  <\/div>\n  <div class=\"col-xs-12 col-sm-12 col-md-12 col-lg-12\">\n    <div class=\"kf-bts\">\n      <button type=\"submit\" class=\"kf-btn\">\n        <span>Enviar Mensaje<\/span>\n        <i class=\"fas fa-chevron-right\"><\/i>\n      <\/button>\n    <\/div>\n  <\/div>\n<\/div><p style=\"display: none !important;\" class=\"akismet-fields-container\" data-prefix=\"_wpcf7_ak_\"><label>&#916;<textarea name=\"_wpcf7_ak_hp_textarea\" cols=\"45\" rows=\"8\" maxlength=\"100\"><\/textarea><\/label><input type=\"hidden\" id=\"ak_js_1\" name=\"_wpcf7_ak_js\" value=\"216\"\/><script type=\"text\/javascript\">\n\/* <![CDATA[ *\/\ndocument.getElementById( \"ak_js_1\" ).setAttribute( \"value\", ( new Date() ).getTime() );\n\/* ]]> *\/\n<\/script>\n<\/p><div class=\"wpcf7-response-output\" aria-hidden=\"true\"><\/div>\n<\/form>\n<\/div>\n        <\/div>\n\n      <\/div>\n    <\/section>\n\n\t\t\t\t\t\t<\/div>\n\t\t\t\t<\/div>\n\t\t\t\t\t<\/div>\n\t\t<\/div>\n\t\t\t\t\t<\/div>\n\t\t<\/section>\n\t\t\t\t<\/div>\n\t\t","protected":false},"excerpt":{"rendered":"<p>Solicita tu Factura Home Facturaci\u00f3n Factura tu Pedido Enviar Mensaje &#916;<\/p>\n","protected":false},"author":1,"featured_media":0,"parent":0,"menu_order":0,"comment_status":"closed","ping_status":"closed","template":"template-layout-builder.php","meta":{"_acf_changed":false,"_monsterinsights_skip_tracking":false,"_monsterinsights_sitenote_active":false,"_monsterinsights_sitenote_note":"","_monsterinsights_sitenote_category":0,"footnotes":""},"class_list":["post-2137","page","type-page","status-publish","hentry"],"acf":[],"_links":{"self":[{"href":"https:\/\/ordenatucafe.com\/index.php\/wp-json\/wp\/v2\/pages\/2137","targetHints":{"allow":["GET"]}}],"collection":[{"href":"https:\/\/ordenatucafe.com\/index.php\/wp-json\/wp\/v2\/pages"}],"about":[{"href":"https:\/\/ordenatucafe.com\/index.php\/wp-json\/wp\/v2\/types\/page"}],"author":[{"embeddable":true,"href":"https:\/\/ordenatucafe.com\/index.php\/wp-json\/wp\/v2\/users\/1"}],"replies":[{"embeddable":true,"href":"https:\/\/ordenatucafe.com\/index.php\/wp-json\/wp\/v2\/comments?post=2137"}],"version-history":[{"count":13,"href":"https:\/\/ordenatucafe.com\/index.php\/wp-json\/wp\/v2\/pages\/2137\/revisions"}],"predecessor-version":[{"id":2224,"href":"https:\/\/ordenatucafe.com\/index.php\/wp-json\/wp\/v2\/pages\/2137\/revisions\/2224"}],"wp:attachment":[{"href":"https:\/\/ordenatucafe.com\/index.php\/wp-json\/wp\/v2\/media?parent=2137"}],"curies":[{"name":"wp","href":"https:\/\/api.w.org\/{rel}","templated":true}]}}